{"id":230,"date":"2018-11-23T15:26:43","date_gmt":"2018-11-23T15:26:43","guid":{"rendered":"http:\/\/arramara.wpengine.com\/?page_id=230"},"modified":"2019-08-07T18:17:25","modified_gmt":"2019-08-07T18:17:25","slug":"maoirseacht-inbhuanaitheacht","status":"publish","type":"page","link":"https:\/\/www.arramara.ie\/ga\/eolaiocht-acmhainne\/maoirseacht-inbhuanaitheacht\/","title":{"rendered":"Maoirseacht &#038; Inbhuanaitheacht"},"content":{"rendered":"<section class=\"wpb-content-wrapper\">\n<p>[vc_row full_width=&#8221;stretch_row_content_no_spaces&#8221; content_placement=&#8221;middle&#8221; css=&#8221;.vc_custom_1543552393234{background: #e0e0e0 url(https:\/\/www.arramara.ie\/wp-content\/uploads\/2018\/11\/sw-measuring-shore-e1543552377796.jpg?id=550) !important;background-position: center !important;background-repeat: no-repeat !important;background-size: cover !important;}&#8221; el_class=&#8221;sub-banner&#8221;][vc_column css_animation=&#8221;fadeIn&#8221;][\/vc_column][\/vc_row][vc_row el_class=&#8221;page-bg-photo&#8221;][vc_column css_animation=&#8221;fadeIn&#8221; el_class=&#8221;content-center content-max&#8221;][vc_row_inner el_class=&#8221;container&#8221;][vc_column_inner][vc_column_text css_animation=&#8221;fadeIn&#8221;]<\/p>\n<h2>Ceannaireacht &amp; Inbhuanaitheacht<\/h2>\n<p>&nbsp;<\/p>\n<p>Is f\u00e9idir le acmhainn in-athnuaite maireacht\u00e1il ar feadh na mblianta \u2013 m\u00e1 dh\u00e9anann comhlachta\u00ed agus daoine aonaracha \u00e9 a bhainisti\u00fa agus \u00e9 a bhaint le c\u00faram agus le meas. T\u00e1 an-ch\u00e1il ar fud na cruinne ar\u00a0 an <em>Ascophyllum nodosum <\/em>at\u00e1 le f\u00e1il go d\u00fachasach in Iarthar na h\u00c9ireann. Caithfimid \u00e9 a chosaint. Tuigeann muid go r\u00ed-mhaith anseo in Arramara an r\u00f3l at\u00e1 againn maidir le Ceannaireacht &amp; Inbhuanaitheacht i dtaobh an acmhainn luachmhar n\u00e1d\u00fartha seo. Seo \u00e9 an f\u00e1th a chleachta\u00edonn muid bainisti\u00fa acmhainn\u00ed inbhuanaithe ag gach l\u00e9\u00edbh\u00e9al d\u00e1r eagra\u00edocht. B\u00edonn muid ag obair i l\u00e1mh a ch\u00e9ile go c\u00faramach le Bainteoir\u00ed \u00e1\u00edti\u00fala chun go mbeidh f\u00e1il ar an bhfeamainn dh\u00fachasach seo.<\/p>\n<p>Seo \u00e9 an bealach a bh\u00edonn againn in Arramara,\u00a0 chun chaomhn\u00fa a dh\u00e9anamh ar fheamainn na h\u00c9ireann chun go mbeidh deis ag na gl\u00fanta sin at\u00e1 le theacht s\u00e1samh a bhaint asti:<\/p>\n<p>[\/vc_column_text][\/vc_column_inner][\/vc_row_inner][vc_row_inner equal_height=&#8221;yes&#8221; content_placement=&#8221;top&#8221; el_class=&#8221;content-center content-max&#8221;][vc_column_inner width=&#8221;1\/2&#8243; css=&#8221;.vc_custom_1542749025635{padding: 50px !important;}&#8221;][vc_single_image image=&#8221;984&#8243; img_size=&#8221;full&#8221; alignment=&#8221;center&#8221; css_animation=&#8221;fadeInUp&#8221; el_class=&#8221;image-shadow&#8221;][vc_empty_space][vc_column_text css_animation=&#8221;fadeIn&#8221;]<\/p>\n<div style=\"max-width: 420px; margin: 0 auto;\">\n<h3>Ag Baint fheamainne ar bhun inbhuanaithe<\/h3>\n<p>&nbsp;<\/p>\n<p>Cuirtear t\u00fas len\u00e1r gcuid cleachtais inbhuanaithe nuair a bhaintear an fheamainn. Agus muid ag obair l\u00e1mh ar l\u00e1mh len\u00e1r gcuid Bainteoir\u00ed \u00e1iti\u00fala, molann muid modhanna bainte traidisi\u00fanta agus modhanna \u00e9ags\u00fala eile chomh maith. Cinnt\u00edonn s\u00e9 seo go mbail\u00edtear Feamainn bhu\u00ed Arramara ar bhealach inbhuanaithe.<\/p>\n<\/div>\n<p>[\/vc_column_text][\/vc_column_inner][vc_column_inner width=&#8221;1\/2&#8243; css=&#8221;.vc_custom_1542749037311{padding: 50px !important;}&#8221;][vc_single_image image=&#8221;770&#8243; img_size=&#8221;full&#8221; alignment=&#8221;center&#8221; css_animation=&#8221;fadeInUp&#8221; el_class=&#8221;image-shadow&#8221;][vc_empty_space][vc_column_text css_animation=&#8221;fadeIn&#8221;]<\/p>\n<div style=\"max-width: 420px; margin: 0 auto;\">\n<h3>Taighde Eola\u00edochta Lean\u00fanach<\/h3>\n<p>&nbsp;<\/p>\n<p>Chun go n-\u00e9ireoidh le bainisti\u00fa acmhainn\u00ed, caithfidh s\u00e9 a bheith daingnithe in eola\u00edocht reatha mara.\u00a0 Sin \u00e9 an f\u00e1th go mb\u00edonn muid go s\u00edora\u00ed ag d\u00e9anamh taighde ar an <em>Ascophyllum nodosum<\/em> ag \u00fas\u00e1id staid\u00e9ir allamuigh \u00f3n na saineolaithe \u00e1iti\u00fala at\u00e1 againn, chomh maith le dian-anail\u00eds\u00ed \u00f3n \u00e1r gcomhleacaithe ag Acadian Seaplants chun modhanna inbhuanaithe a chruth\u00fa at\u00e1 chun cinn maidir le c\u00farsa\u00ed tionscla\u00edochta.<\/p>\n<\/div>\n<p>[\/vc_column_text][\/vc_column_inner][\/vc_row_inner][vc_row_inner equal_height=&#8221;yes&#8221; el_class=&#8221;content-center content-max&#8221;][vc_column_inner width=&#8221;1\/2&#8243; css=&#8221;.vc_custom_1542749025635{padding: 50px !important;}&#8221;][vc_single_image image=&#8221;544&#8243; img_size=&#8221;full&#8221; alignment=&#8221;center&#8221; css_animation=&#8221;fadeInUp&#8221; el_class=&#8221;image-shadow&#8221;][vc_empty_space][vc_column_text css_animation=&#8221;fadeIn&#8221;]<\/p>\n<div style=\"max-width: 420px; margin: 0 auto;\">\n<h3>Comhph\u00e1irt\u00edocht le Geallsealbh\u00f3ir\u00ed na h\u00c9ireann<\/h3>\n<p>&nbsp;<\/p>\n<p>Nuair a dh\u00e9antar an iomarca baint ar aon acmhainn fhi\u00e1in, cuirtear i mbaol \u00e9. \u00a0Molann Arramara cleachtais a chosna\u00edonn an Fheamainn bhu\u00ed ar dhian-bhaint, ach ag an am c\u00e9anna l\u00e9ir\u00edonn siad meas ar thraidisi\u00fain dh\u00fachasacha chomh maith. Freisin d\u00e9anann said comhoibri\u00fa le \u00e1is\u00edneachta\u00ed,\u00a0 rann\u00f3ga, cumainn, ollscoileanna agus pobail.<\/p>\n<\/div>\n<p>[\/vc_column_text][\/vc_column_inner][vc_column_inner width=&#8221;1\/2&#8243; css=&#8221;.vc_custom_1542749037311{padding: 50px !important;}&#8221;][vc_single_image image=&#8221;542&#8243; img_size=&#8221;full&#8221; alignment=&#8221;center&#8221; css_animation=&#8221;fadeInUp&#8221; el_class=&#8221;image-shadow&#8221;][vc_empty_space][vc_column_text]<\/p>\n<div style=\"max-width: 420px; margin: 0 auto;\">\n<h3>\u00c1r gcuid Eolaithe Acmhainn\u00ed Amuigh<\/h3>\n<p>&nbsp;<\/p>\n<p>Is post l\u00e1n-aimseartha \u00e9 an inbhuanaitheacht. D\u00e9anann \u00e1r gcuid Eolaithe Acmhainn\u00ed monat\u00f3ireacht gh\u00e9ar ar an <em>Ascophyllum nodosum<\/em> ar fud ch\u00f3sta Iarthar na h\u00c9ireann chun sl\u00e1inte agus bithmhais na hacmhainne in-athnuaite seo\u00a0 a chinnti\u00fa.<\/p>\n<\/div>\n<p>[\/vc_column_text][\/vc_column_inner][\/vc_row_inner][\/vc_column][\/vc_row][vc_row css_animation=&#8221;none&#8221; el_id=&#8221;titan-cta&#8221; el_class=&#8221;border-top&#8221;][vc_column]<\/p>\n<div class=\"templatera_shortcode\">\n<div class=\"vc_row wpb_row vc_row-fluid content-center content-max vc_row-o-content-middle vc_row-flex\">\n<div class=\"wpb_column vc_column_container vc_col-sm-12\">\n<div class=\"vc_column-inner\">\n<div class=\"wpb_wrapper\">\n<div class=\"wpb_text_column wpb_content_element  wpb_animate_when_almost_visible wpb_fadeIn fadeIn\" >\n<div class=\"wpb_wrapper\">\n<h2>Ar mhaith leat a thuilleadh eolais mar gheall ar \u00e1r gcuid cleachtais inbhuanaithe?<\/h2>\n<\/p><\/div>\n<\/p><\/div>\n<div class=\"wpb_raw_code wpb_content_element wpb_raw_html\" >\n<div class=\"wpb_wrapper\">\n\t\t\t<a class=\"arramara-btn\" href=\"\/ga\/dean-teagmhail\/\">D\u00e9an teagmh\u00e1il linn<\/a>\n\t\t<\/div>\n<\/p><\/div>\n<\/div>\n<\/div>\n<\/div>\n<\/div>\n<\/div>\n<p>[\/vc_column][\/vc_row][vc_row][vc_column]<\/p>\n<div class=\"templatera_shortcode\">\n<div data-vc-full-width=\"true\" data-vc-full-width-init=\"false\" data-vc-stretch-content=\"true\" class=\"vc_row wpb_row vc_row-fluid split-cta vc_custom_1545310294281 vc_row-no-padding vc_row-o-equal-height vc_row-flex\">\n<div class=\"split-blue-overlay split-col wpb_column vc_column_container vc_col-sm-6 vc_col-has-fill\">\n<div class=\"vc_column-inner vc_custom_1545310623931\">\n<div class=\"wpb_wrapper\">\n<div class=\"wpb_text_column wpb_content_element  split-copy\" >\n<div class=\"wpb_wrapper\">\n<h3>D\u2019fh\u00e9adf\u00e1 r\u00e1 gur clann \u00e9 Arramara n\u00edos m\u00f3 n\u00e1 gn\u00f3 at\u00e1 ag cruth\u00fa todhcha\u00ed inbhuanaithe d\u2019\u00c9irinn<\/h3>\n<p style=\"text-align: center;\">\n<\/p><\/div>\n<\/p><\/div>\n<div  class=\"wpb_single_image wpb_content_element vc_align_center\">\n<figure class=\"wpb_wrapper vc_figure\">\n<div class=\"vc_single_image-wrapper   vc_box_border_grey\"><img loading=\"lazy\" decoding=\"async\" width=\"877\" height=\"845\" src=\"https:\/\/www.arramara.ie\/wp-content\/uploads\/2018\/12\/collage-square.jpg\" class=\"vc_single_image-img attachment-full\" alt=\"arramara collage square\" title=\"collage-square\" srcset=\"https:\/\/www.arramara.ie\/wp-content\/uploads\/2018\/12\/collage-square.jpg 877w, https:\/\/www.arramara.ie\/wp-content\/uploads\/2018\/12\/collage-square-300x289.jpg 300w, https:\/\/www.arramara.ie\/wp-content\/uploads\/2018\/12\/collage-square-768x740.jpg 768w\" sizes=\"auto, (max-width: 877px) 100vw, 877px\" \/><\/div>\n<\/figure><\/div>\n<\/div>\n<\/div>\n<\/div>\n<div class=\"split-green-overlay split-col wpb_column vc_column_container vc_col-sm-6 vc_col-has-fill\">\n<div class=\"vc_column-inner vc_custom_1545310240877\">\n<div class=\"wpb_wrapper\">\n<div class=\"wpb_text_column wpb_content_element  split-copy\" >\n<div class=\"wpb_wrapper\">\n<h3>Ag \u00fas\u00e1id cleachtais inbhuanithe maidir le baint feamainne agus bainisti\u00fa a dh\u00e9anamh ar acmhainn\u00ed, is f\u00e9idir feamainn a choinne\u00e1il mar acmhainn in-athnuaite<\/h3>\n<p style=\"text-align: center;\">\n<\/p><\/div>\n<\/p><\/div>\n<div  class=\"wpb_single_image wpb_content_element vc_align_center\">\n<figure class=\"wpb_wrapper vc_figure\">\n<div class=\"vc_single_image-wrapper   vc_box_border_grey\"><img loading=\"lazy\" decoding=\"async\" width=\"877\" height=\"845\" src=\"https:\/\/www.arramara.ie\/wp-content\/uploads\/2019\/08\/square-new.jpg\" class=\"vc_single_image-img attachment-full\" alt=\"\" title=\"square-new\" srcset=\"https:\/\/www.arramara.ie\/wp-content\/uploads\/2019\/08\/square-new.jpg 877w, https:\/\/www.arramara.ie\/wp-content\/uploads\/2019\/08\/square-new-300x289.jpg 300w, https:\/\/www.arramara.ie\/wp-content\/uploads\/2019\/08\/square-new-768x740.jpg 768w\" sizes=\"auto, (max-width: 877px) 100vw, 877px\" \/><\/div>\n<\/figure><\/div>\n<\/div>\n<\/div>\n<\/div>\n<\/div>\n<div class=\"vc_row-full-width vc_clearfix\"><\/div>\n<\/div>\n<p>[\/vc_column][\/vc_row]<\/p>\n<\/section>\n","protected":false},"excerpt":{"rendered":"D\u2019fh\u00e9adf\u00e1 r\u00e1 gur clann \u00e9 Arramara n\u00edos m\u00f3 n\u00e1 gn\u00f3 at\u00e1 ag cruth\u00fa todhcha\u00ed inbhuanaithe d\u2019\u00c9irinn Ag \u00fas\u00e1id cleachtais inbhuanithe maidir le baint feamainne agus bainisti\u00fa a dh\u00e9anamh ar acmhainn\u00ed, is f\u00e9idir feamainn a choinne\u00e1il mar acmhainn in-athnuaite","protected":false},"author":15,"featured_media":0,"parent":131,"menu_order":0,"comment_status":"closed","ping_status":"closed","template":"","meta":{"footnotes":""},"class_list":["post-230","page","type-page","status-publish","hentry"],"yoast_head":"<!-- This site is optimized with the Yoast SEO plugin v27.4 - https:\/\/yoast.com\/product\/yoast-seo-wordpress\/ -->\n<title>Sustainable Seaweed Harvesting Practices | Arramara Sustainability<\/title>\n<meta name=\"description\" content=\"A renewable resource can last indefinitely. That&#039;s why we follow sustainable seaweed harvesting practices and perform other resource management tactics.\" \/>\n<meta name=\"robots\" content=\"index, follow, max-snippet:-1, max-image-preview:large, max-video-preview:-1\" \/>\n<link rel=\"canonical\" href=\"https:\/\/www.arramara.ie\/irish-seaweed-resource-management\/sustainable-seaweed-harvesting-practices\/\" \/>\n<meta property=\"og:locale\" content=\"ga_IE\" \/>\n<meta property=\"og:type\" content=\"article\" \/>\n<meta property=\"og:title\" content=\"Sustainable Seaweed Harvesting Practices | Arramara Sustainability\" \/>\n<meta property=\"og:description\" content=\"A renewable resource can last indefinitely. That&#039;s why we follow sustainable seaweed harvesting practices and perform other resource management tactics.\" \/>\n<meta property=\"og:url\" content=\"https:\/\/www.arramara.ie\/irish-seaweed-resource-management\/sustainable-seaweed-harvesting-practices\/\" \/>\n<meta property=\"og:site_name\" content=\"Arramara\" \/>\n<meta property=\"article:modified_time\" content=\"2019-08-07T18:17:25+00:00\" \/>\n<meta name=\"twitter:card\" content=\"summary_large_image\" \/>\n<meta name=\"twitter:label1\" content=\"Est. reading time\" \/>\n\t<meta name=\"twitter:data1\" content=\"4 minutes\" \/>\n<script type=\"application\/ld+json\" class=\"yoast-schema-graph\">{\"@context\":\"https:\\\/\\\/schema.org\",\"@graph\":[{\"@type\":\"WebPage\",\"@id\":\"https:\\\/\\\/www.arramara.ie\\\/irish-seaweed-resource-management\\\/sustainable-seaweed-harvesting-practices\\\/\",\"url\":\"https:\\\/\\\/www.arramara.ie\\\/irish-seaweed-resource-management\\\/sustainable-seaweed-harvesting-practices\\\/\",\"name\":\"Sustainable Seaweed Harvesting Practices | Arramara Sustainability\",\"isPartOf\":{\"@id\":\"https:\\\/\\\/www.arramara.ie\\\/#website\"},\"datePublished\":\"2018-11-23T15:26:43+00:00\",\"dateModified\":\"2019-08-07T18:17:25+00:00\",\"description\":\"A renewable resource can last indefinitely. That's why we follow sustainable seaweed harvesting practices and perform other resource management tactics.\",\"breadcrumb\":{\"@id\":\"https:\\\/\\\/www.arramara.ie\\\/irish-seaweed-resource-management\\\/sustainable-seaweed-harvesting-practices\\\/#breadcrumb\"},\"inLanguage\":\"ga-IE\",\"potentialAction\":[{\"@type\":\"ReadAction\",\"target\":[\"https:\\\/\\\/www.arramara.ie\\\/irish-seaweed-resource-management\\\/sustainable-seaweed-harvesting-practices\\\/\"]}]},{\"@type\":\"BreadcrumbList\",\"@id\":\"https:\\\/\\\/www.arramara.ie\\\/irish-seaweed-resource-management\\\/sustainable-seaweed-harvesting-practices\\\/#breadcrumb\",\"itemListElement\":[{\"@type\":\"ListItem\",\"position\":1,\"name\":\"Home\",\"item\":\"https:\\\/\\\/www.arramara.ie\\\/ga\\\/\"},{\"@type\":\"ListItem\",\"position\":2,\"name\":\"Eola\u00edocht Acmhainne\",\"item\":\"https:\\\/\\\/www.arramara.ie\\\/irish-seaweed-resource-management\\\/\"},{\"@type\":\"ListItem\",\"position\":3,\"name\":\"Maoirseacht &#038; Inbhuanaitheacht\"}]},{\"@type\":\"WebSite\",\"@id\":\"https:\\\/\\\/www.arramara.ie\\\/#website\",\"url\":\"https:\\\/\\\/www.arramara.ie\\\/\",\"name\":\"Arramara\",\"description\":\"Ascophyllum Nodosum Irish Seaweed Company\",\"publisher\":{\"@id\":\"https:\\\/\\\/www.arramara.ie\\\/#organization\"},\"potentialAction\":[{\"@type\":\"SearchAction\",\"target\":{\"@type\":\"EntryPoint\",\"urlTemplate\":\"https:\\\/\\\/www.arramara.ie\\\/?s={search_term_string}\"},\"query-input\":{\"@type\":\"PropertyValueSpecification\",\"valueRequired\":true,\"valueName\":\"search_term_string\"}}],\"inLanguage\":\"ga-IE\"},{\"@type\":\"Organization\",\"@id\":\"https:\\\/\\\/www.arramara.ie\\\/#organization\",\"name\":\"Arramara\",\"url\":\"https:\\\/\\\/www.arramara.ie\\\/\",\"logo\":{\"@type\":\"ImageObject\",\"inLanguage\":\"ga-IE\",\"@id\":\"https:\\\/\\\/www.arramara.ie\\\/#\\\/schema\\\/logo\\\/image\\\/\",\"url\":\"https:\\\/\\\/www.arramara.ie\\\/wp-content\\\/uploads\\\/2018\\\/11\\\/Group-205@2x-e1613056203927.png\",\"contentUrl\":\"https:\\\/\\\/www.arramara.ie\\\/wp-content\\\/uploads\\\/2018\\\/11\\\/Group-205@2x-e1613056203927.png\",\"width\":100,\"height\":100,\"caption\":\"Arramara\"},\"image\":{\"@id\":\"https:\\\/\\\/www.arramara.ie\\\/#\\\/schema\\\/logo\\\/image\\\/\"}}]}<\/script>\n<!-- \/ Yoast SEO plugin. -->","yoast_head_json":{"title":"Sustainable Seaweed Harvesting Practices | Arramara Sustainability","description":"A renewable resource can last indefinitely. That's why we follow sustainable seaweed harvesting practices and perform other resource management tactics.","robots":{"index":"index","follow":"follow","max-snippet":"max-snippet:-1","max-image-preview":"max-image-preview:large","max-video-preview":"max-video-preview:-1"},"canonical":"https:\/\/www.arramara.ie\/irish-seaweed-resource-management\/sustainable-seaweed-harvesting-practices\/","og_locale":"ga_IE","og_type":"article","og_title":"Sustainable Seaweed Harvesting Practices | Arramara Sustainability","og_description":"A renewable resource can last indefinitely. That's why we follow sustainable seaweed harvesting practices and perform other resource management tactics.","og_url":"https:\/\/www.arramara.ie\/irish-seaweed-resource-management\/sustainable-seaweed-harvesting-practices\/","og_site_name":"Arramara","article_modified_time":"2019-08-07T18:17:25+00:00","twitter_card":"summary_large_image","twitter_misc":{"Est. reading time":"4 minutes"},"schema":{"@context":"https:\/\/schema.org","@graph":[{"@type":"WebPage","@id":"https:\/\/www.arramara.ie\/irish-seaweed-resource-management\/sustainable-seaweed-harvesting-practices\/","url":"https:\/\/www.arramara.ie\/irish-seaweed-resource-management\/sustainable-seaweed-harvesting-practices\/","name":"Sustainable Seaweed Harvesting Practices | Arramara Sustainability","isPartOf":{"@id":"https:\/\/www.arramara.ie\/#website"},"datePublished":"2018-11-23T15:26:43+00:00","dateModified":"2019-08-07T18:17:25+00:00","description":"A renewable resource can last indefinitely. That's why we follow sustainable seaweed harvesting practices and perform other resource management tactics.","breadcrumb":{"@id":"https:\/\/www.arramara.ie\/irish-seaweed-resource-management\/sustainable-seaweed-harvesting-practices\/#breadcrumb"},"inLanguage":"ga-IE","potentialAction":[{"@type":"ReadAction","target":["https:\/\/www.arramara.ie\/irish-seaweed-resource-management\/sustainable-seaweed-harvesting-practices\/"]}]},{"@type":"BreadcrumbList","@id":"https:\/\/www.arramara.ie\/irish-seaweed-resource-management\/sustainable-seaweed-harvesting-practices\/#breadcrumb","itemListElement":[{"@type":"ListItem","position":1,"name":"Home","item":"https:\/\/www.arramara.ie\/ga\/"},{"@type":"ListItem","position":2,"name":"Eola\u00edocht Acmhainne","item":"https:\/\/www.arramara.ie\/irish-seaweed-resource-management\/"},{"@type":"ListItem","position":3,"name":"Maoirseacht &#038; Inbhuanaitheacht"}]},{"@type":"WebSite","@id":"https:\/\/www.arramara.ie\/#website","url":"https:\/\/www.arramara.ie\/","name":"Arramara","description":"Ascophyllum Nodosum Irish Seaweed Company","publisher":{"@id":"https:\/\/www.arramara.ie\/#organization"},"potentialAction":[{"@type":"SearchAction","target":{"@type":"EntryPoint","urlTemplate":"https:\/\/www.arramara.ie\/?s={search_term_string}"},"query-input":{"@type":"PropertyValueSpecification","valueRequired":true,"valueName":"search_term_string"}}],"inLanguage":"ga-IE"},{"@type":"Organization","@id":"https:\/\/www.arramara.ie\/#organization","name":"Arramara","url":"https:\/\/www.arramara.ie\/","logo":{"@type":"ImageObject","inLanguage":"ga-IE","@id":"https:\/\/www.arramara.ie\/#\/schema\/logo\/image\/","url":"https:\/\/www.arramara.ie\/wp-content\/uploads\/2018\/11\/Group-205@2x-e1613056203927.png","contentUrl":"https:\/\/www.arramara.ie\/wp-content\/uploads\/2018\/11\/Group-205@2x-e1613056203927.png","width":100,"height":100,"caption":"Arramara"},"image":{"@id":"https:\/\/www.arramara.ie\/#\/schema\/logo\/image\/"}}]}},"_links":{"self":[{"href":"https:\/\/www.arramara.ie\/ga\/wp-json\/wp\/v2\/pages\/230","targetHints":{"allow":["GET"]}}],"collection":[{"href":"https:\/\/www.arramara.ie\/ga\/wp-json\/wp\/v2\/pages"}],"about":[{"href":"https:\/\/www.arramara.ie\/ga\/wp-json\/wp\/v2\/types\/page"}],"author":[{"embeddable":true,"href":"https:\/\/www.arramara.ie\/ga\/wp-json\/wp\/v2\/users\/15"}],"replies":[{"embeddable":true,"href":"https:\/\/www.arramara.ie\/ga\/wp-json\/wp\/v2\/comments?post=230"}],"version-history":[{"count":0,"href":"https:\/\/www.arramara.ie\/ga\/wp-json\/wp\/v2\/pages\/230\/revisions"}],"up":[{"embeddable":true,"href":"https:\/\/www.arramara.ie\/ga\/wp-json\/wp\/v2\/pages\/131"}],"wp:attachment":[{"href":"https:\/\/www.arramara.ie\/ga\/wp-json\/wp\/v2\/media?parent=230"}],"curies":[{"name":"wp","href":"https:\/\/api.w.org\/{rel}","templated":true}]}}