{"id":222,"date":"2018-11-23T15:24:06","date_gmt":"2018-11-23T15:24:06","guid":{"rendered":"http:\/\/arramara.wpengine.com\/?page_id=222"},"modified":"2019-01-17T17:02:35","modified_gmt":"2019-01-17T17:02:35","slug":"lucht-bainte-feamainne","status":"publish","type":"page","link":"https:\/\/www.arramara.ie\/ga\/eolas-fuinn\/lucht-bainte-feamainne\/","title":{"rendered":"Lucht bainte feamainne"},"content":{"rendered":"<section class=\"wpb-content-wrapper\">\n<p>[vc_row full_width=&#8221;stretch_row_content_no_spaces&#8221; content_placement=&#8221;middle&#8221; css=&#8221;.vc_custom_1547080859144{margin-top: 50px !important;background: #e0e0e0 url(https:\/\/www.arramara.ie\/wp-content\/uploads\/2018\/12\/3-lads-cutting-sw-edited.jpg?id=776) !important;background-position: center !important;background-repeat: no-repeat !important;background-size: cover !important;}&#8221; el_class=&#8221;sub-banner&#8221;][vc_column css_animation=&#8221;fadeIn&#8221;][\/vc_column][\/vc_row][vc_row el_class=&#8221;page-bg-photo&#8221;][vc_column css_animation=&#8221;fadeIn&#8221; el_class=&#8221;content-center content-max&#8221;][vc_row_inner el_class=&#8221;container&#8221;][vc_column_inner][vc_column_text css_animation=&#8221;fadeIn&#8221;]<\/p>\n<h2>\u00c1r mBainteoir\u00ed<\/h2>\n<p>&nbsp;<\/p>\n<p>T\u00e1 go leor ainmneacha \u00e9ags\u00fala ar an bhfeamainn a \u00fas\u00e1ideann muid, ach is cuma c\u00e9ard a ghlao\u00edtear air, t\u00e1 muid f\u00f3s mar chomhlacht ag braith go m\u00f3r ar sol\u00e1thar maith den acmhainn n\u00e1d\u00fartha in-athnuaite seo. De thoradh an chaidreamh sean-bhunaithe at\u00e1 againn le lucht bainte feamainne ch\u00f3sta thiar na h\u00c9ireann, t\u00e1imid inann postanna maithe a chruth\u00fa agus t\u00e1irg\u00ed feamainne de \u00e1rdchaighde\u00e1n a chur ar f\u00e1il go h\u00e1iti\u00fail agus ar fud na cruinne.<\/p>\n<p>[\/vc_column_text][\/vc_column_inner][\/vc_row_inner][vc_row_inner equal_height=&#8221;yes&#8221; content_placement=&#8221;middle&#8221; el_class=&#8221;content-center content-max&#8221;][vc_column_inner width=&#8221;1\/2&#8243; css=&#8221;.vc_custom_1542749025635{padding: 50px !important;}&#8221;][vc_column_text css_animation=&#8221;fadeIn&#8221;]<\/p>\n<div style=\"max-width: 420px; margin: 0 auto;\">\n<h3>An ceangal at\u00e1 ag an bhFeamainn leis an t-am at\u00e1 thart, an l\u00e1 at\u00e1 inni\u00fa ann agus an Todhcha\u00ed<\/h3>\n<p>&nbsp;<\/p>\n<p>Mhair baint na feamainne ar feadh na c\u00e9adta bliain in iarthar na h\u00c9ireann chun coth\u00fa maith a chur ar f\u00e1il do phobail \u00e1iti\u00fala agus a gcuid barra\u00ed. Nuair a thosaigh Arramara in 1947, chruthaigh muid deis forbartha a dh\u00e9anamh ar an gcleachtas traidisi\u00fanta seo chun go mbeadh n\u00edos m\u00f3 leas eacnama\u00edochta le baint as \u00a0do mhuintir ch\u00f3sta an iarthair. Le linn na mblianta t\u00e1imid anois daingnithe mar cheannaitheoir iontaofa an <em>Ascophyllum nodosum<\/em> a bhaintear go hinbhuanaithe. Cuireann muid deis ar f\u00e1il do na bainteoir\u00ed feamainne sl\u00ed mhaireacht\u00e1la a\u00a0bhaint amach dh\u00f3ibh f\u00e9in agus taca\u00edocht a thabhairt d\u00e1 gclann.<\/p>\n<\/div>\n<p>[\/vc_column_text][\/vc_column_inner][vc_column_inner width=&#8221;1\/2&#8243; css=&#8221;.vc_custom_1542749037311{padding: 50px !important;}&#8221;][vc_single_image image=&#8221;671&#8243; img_size=&#8221;full&#8221; alignment=&#8221;center&#8221; css_animation=&#8221;fadeInUp&#8221; el_class=&#8221;image-shadow&#8221;][\/vc_column_inner][\/vc_row_inner][vc_row_inner equal_height=&#8221;yes&#8221; content_placement=&#8221;middle&#8221;][vc_column_inner width=&#8221;1\/2&#8243; css=&#8221;.vc_custom_1542749302113{padding: 50px !important;}&#8221;][vc_single_image image=&#8221;675&#8243; img_size=&#8221;full&#8221; alignment=&#8221;center&#8221; css_animation=&#8221;fadeInUp&#8221; el_class=&#8221;image-shadow&#8221;][\/vc_column_inner][vc_column_inner width=&#8221;1\/2&#8243; css=&#8221;.vc_custom_1542749292398{padding: 50px !important;}&#8221;][vc_column_text css_animation=&#8221;fadeIn&#8221;]<\/p>\n<div style=\"max-width: 460px;\">\n<h3>An bealach a thugann Arramara rud \u00e9igin ar ais d\u00e1r gcuid Bainteoir\u00ed Feamainne<\/h3>\n<p>&nbsp;<\/p>\n<p>T\u00e1 Bainteoir\u00ed a oibr\u00edonn go crua go r\u00ed-th\u00e1bhachtach d\u00fainn mar ionad agus do na pobail chomh maith. D\u00e9anann muid cinnte go gcuireann muid ar f\u00e1il do bhainteoir\u00ed na hacmhainn\u00ed sin a theasta\u00edonn uathu chun an fheamainn \u00e1iti\u00fail a bhaint go h\u00e9ifeachtach agus sl\u00ed maith maireacht\u00e1la a bhaint amach dh\u00f3ibh f\u00e9in. Sin \u00e9 an f\u00e1th go mb\u00edonn Arramara ag iarraidh beala\u00ed eile a fh\u00e1il amach chun cabhair a thabhairt d\u00e1r mBainteoir\u00ed:<\/p>\n<ul>\n<li>Ag cur cleachtais sh\u00e1bh\u00e1ilteachta chun cinn in sa gcaoi go bhfillfidh gach bainteoir feamainne abhaile go sl\u00e1n s\u00e1bhailte.<\/li>\n<li>Ag cur ard\u00fa ar an bpraghas a \u00edoctar le Bainteoir\u00ed feamainne<\/li>\n<li>Ag d\u00e9anamh forbairt lean\u00fanach ar shu\u00edomhanna leainde\u00e1la ar fud an ch\u00f3sta agus ar bhonneagair baint na feamainne chun go gcinneofar s\u00e1bhailteacht agus \u00e9ifeacht\u00falacht<\/li>\n<li>Ag cur trealamh cu\u00ed ar f\u00e1il maidir le modhanna bainte traidisi\u00fanta agus modhanna \u00e9ags\u00fail eile<\/li>\n<li>Ag cur feabhais ar ch\u00farsa\u00ed cumars\u00e1ide thr\u00edd an eolas a chuirtear i nuachtlitir na mBainteoir\u00ed ag tabhairt l\u00e9argas dh\u00f3bih maidir leis an gcaoi a dh\u00e9antar pr\u00f3ise\u00e1il ar a gcuid feamainne agus na t\u00e1irg\u00ed a dh\u00e9antar as<\/li>\n<li>Ag tabhairt isteach cl\u00e1r rannph\u00e1irt\u00edochta do Bhainteoir\u00ed chuid caidrimh n\u00edos fearr a bhuan\u00fa.<\/li>\n<li>Ag fost\u00fa Bainisteoir\u00ed Acmhainne chun tac\u00fa le Bainteoir\u00ed.<\/li>\n<\/ul>\n<p>Beidh muid ag cur n\u00edos m\u00f3 deiseanna ar f\u00e1il de r\u00e9ir mar a bh\u00edonn Arramara ag f\u00e1s, agus beidh muid ag forbairt beala\u00ed chun go mbeidh gach rath ar \u00e1r mBainteoir\u00ed Feamainne agus ar phobail Iarthar na h\u00c9ireann.<\/p>\n<\/div>\n<p>[\/vc_column_text][\/vc_column_inner][\/vc_row_inner][\/vc_column][\/vc_row][vc_row css_animation=&#8221;none&#8221; el_id=&#8221;titan-cta&#8221; el_class=&#8221;border-top&#8221;][vc_column]<\/p>\n<div class=\"templatera_shortcode\">\n<div class=\"vc_row wpb_row vc_row-fluid content-center content-max vc_row-o-content-middle vc_row-flex\">\n<div class=\"wpb_column vc_column_container vc_col-sm-12\">\n<div class=\"vc_column-inner\">\n<div class=\"wpb_wrapper\">\n<div class=\"wpb_text_column wpb_content_element  wpb_animate_when_almost_visible wpb_fadeIn fadeIn\" >\n<div class=\"wpb_wrapper\">\n<h2>Clic\u00e1il anseo chun p\u00e1irt a ghlacadh i mBaint na Feamainne.<\/h2>\n<\/p><\/div>\n<\/p><\/div>\n<div class=\"wpb_raw_code wpb_content_element wpb_raw_html\" >\n<div class=\"wpb_wrapper\">\n\t\t\t<a class=\"arramara-btn\" href=\"\/ga\/dean-teagmhail\/\">Glaoigh orainn<\/a>\n\t\t<\/div>\n<\/p><\/div>\n<\/div>\n<\/div>\n<\/div>\n<\/div>\n<\/div>\n<p>[\/vc_column][\/vc_row][vc_row][vc_column]<\/p>\n<div class=\"templatera_shortcode\">\n<div data-vc-full-width=\"true\" data-vc-full-width-init=\"false\" data-vc-stretch-content=\"true\" class=\"vc_row wpb_row vc_row-fluid split-cta vc_custom_1545310294281 vc_row-no-padding vc_row-o-equal-height vc_row-flex\">\n<div class=\"split-blue-overlay split-col wpb_column vc_column_container vc_col-sm-6 vc_col-has-fill\">\n<div class=\"vc_column-inner vc_custom_1545310623931\">\n<div class=\"wpb_wrapper\">\n<div class=\"wpb_text_column wpb_content_element  split-copy\" >\n<div class=\"wpb_wrapper\">\n<h3>D\u2019fh\u00e9adf\u00e1 r\u00e1 gur clann \u00e9 Arramara n\u00edos m\u00f3 n\u00e1 gn\u00f3 at\u00e1 ag cruth\u00fa todhcha\u00ed inbhuanaithe d\u2019\u00c9irinn<\/h3>\n<p style=\"text-align: center;\">\n<\/p><\/div>\n<\/p><\/div>\n<div  class=\"wpb_single_image wpb_content_element vc_align_center\">\n<figure class=\"wpb_wrapper vc_figure\">\n<div class=\"vc_single_image-wrapper   vc_box_border_grey\"><img loading=\"lazy\" decoding=\"async\" width=\"877\" height=\"845\" src=\"https:\/\/www.arramara.ie\/wp-content\/uploads\/2018\/12\/collage-square.jpg\" class=\"vc_single_image-img attachment-full\" alt=\"arramara collage square\" title=\"collage-square\" srcset=\"https:\/\/www.arramara.ie\/wp-content\/uploads\/2018\/12\/collage-square.jpg 877w, https:\/\/www.arramara.ie\/wp-content\/uploads\/2018\/12\/collage-square-300x289.jpg 300w, https:\/\/www.arramara.ie\/wp-content\/uploads\/2018\/12\/collage-square-768x740.jpg 768w\" sizes=\"auto, (max-width: 877px) 100vw, 877px\" \/><\/div>\n<\/figure><\/div>\n<\/div>\n<\/div>\n<\/div>\n<div class=\"split-green-overlay split-col wpb_column vc_column_container vc_col-sm-6 vc_col-has-fill\">\n<div class=\"vc_column-inner vc_custom_1545310240877\">\n<div class=\"wpb_wrapper\">\n<div class=\"wpb_text_column wpb_content_element  split-copy\" >\n<div class=\"wpb_wrapper\">\n<h3>Ag \u00fas\u00e1id cleachtais inbhuanithe maidir le baint feamainne agus bainisti\u00fa a dh\u00e9anamh ar acmhainn\u00ed, is f\u00e9idir feamainn a choinne\u00e1il mar acmhainn in-athnuaite<\/h3>\n<p style=\"text-align: center;\">\n<\/p><\/div>\n<\/p><\/div>\n<div  class=\"wpb_single_image wpb_content_element vc_align_center\">\n<figure class=\"wpb_wrapper vc_figure\">\n<div class=\"vc_single_image-wrapper   vc_box_border_grey\"><img loading=\"lazy\" decoding=\"async\" width=\"877\" height=\"845\" src=\"https:\/\/www.arramara.ie\/wp-content\/uploads\/2019\/08\/square-new.jpg\" class=\"vc_single_image-img attachment-full\" alt=\"\" title=\"square-new\" srcset=\"https:\/\/www.arramara.ie\/wp-content\/uploads\/2019\/08\/square-new.jpg 877w, https:\/\/www.arramara.ie\/wp-content\/uploads\/2019\/08\/square-new-300x289.jpg 300w, https:\/\/www.arramara.ie\/wp-content\/uploads\/2019\/08\/square-new-768x740.jpg 768w\" sizes=\"auto, (max-width: 877px) 100vw, 877px\" \/><\/div>\n<\/figure><\/div>\n<\/div>\n<\/div>\n<\/div>\n<\/div>\n<div class=\"vc_row-full-width vc_clearfix\"><\/div>\n<\/div>\n<p>[\/vc_column][\/vc_row]<\/p>\n<\/section>\n","protected":false},"excerpt":{"rendered":"D\u2019fh\u00e9adf\u00e1 r\u00e1 gur clann \u00e9 Arramara n\u00edos m\u00f3 n\u00e1 gn\u00f3 at\u00e1 ag cruth\u00fa todhcha\u00ed inbhuanaithe d\u2019\u00c9irinn Ag \u00fas\u00e1id cleachtais inbhuanithe maidir le baint feamainne agus bainisti\u00fa a dh\u00e9anamh ar acmhainn\u00ed, is f\u00e9idir feamainn a choinne\u00e1il mar acmhainn in-athnuaite","protected":false},"author":15,"featured_media":0,"parent":124,"menu_order":0,"comment_status":"closed","ping_status":"closed","template":"","meta":{"footnotes":""},"class_list":["post-222","page","type-page","status-publish","hentry"],"yoast_head":"<!-- This site is optimized with the Yoast SEO plugin v27.4 - https:\/\/yoast.com\/product\/yoast-seo-wordpress\/ -->\n<title>Ascophyllum Nodosum Seaweed Harvesting | Arramara Harvesters<\/title>\n<meta name=\"description\" content=\"Hardworking Harvesters are critical to our operations &amp; communities. Here&#039;s how we help make Ascophyllym nodosum seaweed harvesting efficient &amp; profitable.\" \/>\n<meta name=\"robots\" content=\"index, follow, max-snippet:-1, max-image-preview:large, max-video-preview:-1\" \/>\n<link rel=\"canonical\" href=\"https:\/\/www.arramara.ie\/ga\/eolas-fuinn\/lucht-bainte-feamainne\/\" \/>\n<meta property=\"og:locale\" content=\"ga_IE\" \/>\n<meta property=\"og:type\" content=\"article\" \/>\n<meta property=\"og:title\" content=\"Ascophyllum Nodosum Seaweed Harvesting | Arramara Harvesters\" \/>\n<meta property=\"og:description\" content=\"Hardworking Harvesters are critical to our operations &amp; communities. Here&#039;s how we help make Ascophyllym nodosum seaweed harvesting efficient &amp; profitable.\" \/>\n<meta property=\"og:url\" content=\"https:\/\/www.arramara.ie\/ga\/eolas-fuinn\/lucht-bainte-feamainne\/\" \/>\n<meta property=\"og:site_name\" content=\"Arramara\" \/>\n<meta property=\"article:modified_time\" content=\"2019-01-17T17:02:35+00:00\" \/>\n<meta name=\"twitter:card\" content=\"summary_large_image\" \/>\n<meta name=\"twitter:label1\" content=\"Est. reading time\" \/>\n\t<meta name=\"twitter:data1\" content=\"4 minutes\" \/>\n<script type=\"application\/ld+json\" class=\"yoast-schema-graph\">{\"@context\":\"https:\\\/\\\/schema.org\",\"@graph\":[{\"@type\":\"WebPage\",\"@id\":\"https:\\\/\\\/www.arramara.ie\\\/ga\\\/eolas-fuinn\\\/lucht-bainte-feamainne\\\/\",\"url\":\"https:\\\/\\\/www.arramara.ie\\\/ga\\\/eolas-fuinn\\\/lucht-bainte-feamainne\\\/\",\"name\":\"Ascophyllum Nodosum Seaweed Harvesting | Arramara Harvesters\",\"isPartOf\":{\"@id\":\"https:\\\/\\\/www.arramara.ie\\\/#website\"},\"datePublished\":\"2018-11-23T15:24:06+00:00\",\"dateModified\":\"2019-01-17T17:02:35+00:00\",\"description\":\"Hardworking Harvesters are critical to our operations & communities. Here's how we help make Ascophyllym nodosum seaweed harvesting efficient & profitable.\",\"breadcrumb\":{\"@id\":\"https:\\\/\\\/www.arramara.ie\\\/ga\\\/eolas-fuinn\\\/lucht-bainte-feamainne\\\/#breadcrumb\"},\"inLanguage\":\"ga-IE\",\"potentialAction\":[{\"@type\":\"ReadAction\",\"target\":[\"https:\\\/\\\/www.arramara.ie\\\/ga\\\/eolas-fuinn\\\/lucht-bainte-feamainne\\\/\"]}]},{\"@type\":\"BreadcrumbList\",\"@id\":\"https:\\\/\\\/www.arramara.ie\\\/ga\\\/eolas-fuinn\\\/lucht-bainte-feamainne\\\/#breadcrumb\",\"itemListElement\":[{\"@type\":\"ListItem\",\"position\":1,\"name\":\"Home\",\"item\":\"https:\\\/\\\/www.arramara.ie\\\/ga\\\/\"},{\"@type\":\"ListItem\",\"position\":2,\"name\":\"Eolas f\u00fainn\",\"item\":\"https:\\\/\\\/www.arramara.ie\\\/ga\\\/eolas-fuinn\\\/\"},{\"@type\":\"ListItem\",\"position\":3,\"name\":\"Lucht bainte feamainne\"}]},{\"@type\":\"WebSite\",\"@id\":\"https:\\\/\\\/www.arramara.ie\\\/#website\",\"url\":\"https:\\\/\\\/www.arramara.ie\\\/\",\"name\":\"Arramara\",\"description\":\"Ascophyllum Nodosum Irish Seaweed Company\",\"publisher\":{\"@id\":\"https:\\\/\\\/www.arramara.ie\\\/#organization\"},\"potentialAction\":[{\"@type\":\"SearchAction\",\"target\":{\"@type\":\"EntryPoint\",\"urlTemplate\":\"https:\\\/\\\/www.arramara.ie\\\/?s={search_term_string}\"},\"query-input\":{\"@type\":\"PropertyValueSpecification\",\"valueRequired\":true,\"valueName\":\"search_term_string\"}}],\"inLanguage\":\"ga-IE\"},{\"@type\":\"Organization\",\"@id\":\"https:\\\/\\\/www.arramara.ie\\\/#organization\",\"name\":\"Arramara\",\"url\":\"https:\\\/\\\/www.arramara.ie\\\/\",\"logo\":{\"@type\":\"ImageObject\",\"inLanguage\":\"ga-IE\",\"@id\":\"https:\\\/\\\/www.arramara.ie\\\/#\\\/schema\\\/logo\\\/image\\\/\",\"url\":\"https:\\\/\\\/www.arramara.ie\\\/wp-content\\\/uploads\\\/2018\\\/11\\\/Group-205@2x-e1613056203927.png\",\"contentUrl\":\"https:\\\/\\\/www.arramara.ie\\\/wp-content\\\/uploads\\\/2018\\\/11\\\/Group-205@2x-e1613056203927.png\",\"width\":100,\"height\":100,\"caption\":\"Arramara\"},\"image\":{\"@id\":\"https:\\\/\\\/www.arramara.ie\\\/#\\\/schema\\\/logo\\\/image\\\/\"}}]}<\/script>\n<!-- \/ Yoast SEO plugin. -->","yoast_head_json":{"title":"Ascophyllum Nodosum Seaweed Harvesting | Arramara Harvesters","description":"Hardworking Harvesters are critical to our operations & communities. Here's how we help make Ascophyllym nodosum seaweed harvesting efficient & profitable.","robots":{"index":"index","follow":"follow","max-snippet":"max-snippet:-1","max-image-preview":"max-image-preview:large","max-video-preview":"max-video-preview:-1"},"canonical":"https:\/\/www.arramara.ie\/ga\/eolas-fuinn\/lucht-bainte-feamainne\/","og_locale":"ga_IE","og_type":"article","og_title":"Ascophyllum Nodosum Seaweed Harvesting | Arramara Harvesters","og_description":"Hardworking Harvesters are critical to our operations & communities. Here's how we help make Ascophyllym nodosum seaweed harvesting efficient & profitable.","og_url":"https:\/\/www.arramara.ie\/ga\/eolas-fuinn\/lucht-bainte-feamainne\/","og_site_name":"Arramara","article_modified_time":"2019-01-17T17:02:35+00:00","twitter_card":"summary_large_image","twitter_misc":{"Est. reading time":"4 minutes"},"schema":{"@context":"https:\/\/schema.org","@graph":[{"@type":"WebPage","@id":"https:\/\/www.arramara.ie\/ga\/eolas-fuinn\/lucht-bainte-feamainne\/","url":"https:\/\/www.arramara.ie\/ga\/eolas-fuinn\/lucht-bainte-feamainne\/","name":"Ascophyllum Nodosum Seaweed Harvesting | Arramara Harvesters","isPartOf":{"@id":"https:\/\/www.arramara.ie\/#website"},"datePublished":"2018-11-23T15:24:06+00:00","dateModified":"2019-01-17T17:02:35+00:00","description":"Hardworking Harvesters are critical to our operations & communities. Here's how we help make Ascophyllym nodosum seaweed harvesting efficient & profitable.","breadcrumb":{"@id":"https:\/\/www.arramara.ie\/ga\/eolas-fuinn\/lucht-bainte-feamainne\/#breadcrumb"},"inLanguage":"ga-IE","potentialAction":[{"@type":"ReadAction","target":["https:\/\/www.arramara.ie\/ga\/eolas-fuinn\/lucht-bainte-feamainne\/"]}]},{"@type":"BreadcrumbList","@id":"https:\/\/www.arramara.ie\/ga\/eolas-fuinn\/lucht-bainte-feamainne\/#breadcrumb","itemListElement":[{"@type":"ListItem","position":1,"name":"Home","item":"https:\/\/www.arramara.ie\/ga\/"},{"@type":"ListItem","position":2,"name":"Eolas f\u00fainn","item":"https:\/\/www.arramara.ie\/ga\/eolas-fuinn\/"},{"@type":"ListItem","position":3,"name":"Lucht bainte feamainne"}]},{"@type":"WebSite","@id":"https:\/\/www.arramara.ie\/#website","url":"https:\/\/www.arramara.ie\/","name":"Arramara","description":"Ascophyllum Nodosum Irish Seaweed Company","publisher":{"@id":"https:\/\/www.arramara.ie\/#organization"},"potentialAction":[{"@type":"SearchAction","target":{"@type":"EntryPoint","urlTemplate":"https:\/\/www.arramara.ie\/?s={search_term_string}"},"query-input":{"@type":"PropertyValueSpecification","valueRequired":true,"valueName":"search_term_string"}}],"inLanguage":"ga-IE"},{"@type":"Organization","@id":"https:\/\/www.arramara.ie\/#organization","name":"Arramara","url":"https:\/\/www.arramara.ie\/","logo":{"@type":"ImageObject","inLanguage":"ga-IE","@id":"https:\/\/www.arramara.ie\/#\/schema\/logo\/image\/","url":"https:\/\/www.arramara.ie\/wp-content\/uploads\/2018\/11\/Group-205@2x-e1613056203927.png","contentUrl":"https:\/\/www.arramara.ie\/wp-content\/uploads\/2018\/11\/Group-205@2x-e1613056203927.png","width":100,"height":100,"caption":"Arramara"},"image":{"@id":"https:\/\/www.arramara.ie\/#\/schema\/logo\/image\/"}}]}},"_links":{"self":[{"href":"https:\/\/www.arramara.ie\/ga\/wp-json\/wp\/v2\/pages\/222","targetHints":{"allow":["GET"]}}],"collection":[{"href":"https:\/\/www.arramara.ie\/ga\/wp-json\/wp\/v2\/pages"}],"about":[{"href":"https:\/\/www.arramara.ie\/ga\/wp-json\/wp\/v2\/types\/page"}],"author":[{"embeddable":true,"href":"https:\/\/www.arramara.ie\/ga\/wp-json\/wp\/v2\/users\/15"}],"replies":[{"embeddable":true,"href":"https:\/\/www.arramara.ie\/ga\/wp-json\/wp\/v2\/comments?post=222"}],"version-history":[{"count":0,"href":"https:\/\/www.arramara.ie\/ga\/wp-json\/wp\/v2\/pages\/222\/revisions"}],"up":[{"embeddable":true,"href":"https:\/\/www.arramara.ie\/ga\/wp-json\/wp\/v2\/pages\/124"}],"wp:attachment":[{"href":"https:\/\/www.arramara.ie\/ga\/wp-json\/wp\/v2\/media?parent=222"}],"curies":[{"name":"wp","href":"https:\/\/api.w.org\/{rel}","templated":true}]}}