{"id":131,"date":"2018-11-15T22:52:17","date_gmt":"2018-11-15T22:52:17","guid":{"rendered":"http:\/\/arramara.wpengine.com\/?page_id=131"},"modified":"2019-01-17T17:09:39","modified_gmt":"2019-01-17T17:09:39","slug":"eolaiocht-acmhainne","status":"publish","type":"page","link":"https:\/\/www.arramara.ie\/ga\/eolaiocht-acmhainne\/","title":{"rendered":"Eola\u00edocht Acmhainne"},"content":{"rendered":"<section class=\"wpb-content-wrapper\">\n<p>[vc_row full_width=&#8221;stretch_row_content_no_spaces&#8221; content_placement=&#8221;middle&#8221; css=&#8221;.vc_custom_1543551691015{background: #e0e0e0 url(https:\/\/www.arramara.ie\/wp-content\/uploads\/2018\/11\/rosmuc-e1543551680406.jpg?id=588) !important;background-position: center !important;background-repeat: no-repeat !important;background-size: cover !important;}&#8221; el_class=&#8221;sub-banner&#8221;][vc_column css_animation=&#8221;fadeIn&#8221;][\/vc_column][\/vc_row][vc_row el_class=&#8221;page-bg-photo&#8221;][vc_column css_animation=&#8221;fadeIn&#8221; el_class=&#8221;content-center content-max&#8221;][vc_row_inner el_class=&#8221;container&#8221;][vc_column_inner][vc_column_text css_animation=&#8221;fadeIn&#8221;]<\/p>\n<h2>Eola\u00edocht Acmhainn\u00ed<\/h2>\n<p>&nbsp;<\/p>\n<p>T\u00e1 an-t\u00f3ir sa l\u00e1 at\u00e1 inni\u00fa ann ar an fheamainn \u00c9ireannach at\u00e1 l\u00e1n de choth\u00fa \u00f3 uisc\u00ed fhuara an Atlantaigh. Aithn\u00edonn daoine anois ar fud na cruinne an tairbhe a bhaineann le <em>Ascophyllum nodosum<\/em> maidir le sl\u00e1inte agus dul chun cinn a gcuid ainmhithe, a gcuid barra\u00ed agus a gcuid cr\u00e9af\u00f3ige. Caithfimid cleachtais bainisti\u00fa acmhainn\u00ed inbhuanaithe a chur chun cinn anois chun go mbeidh muid cinnte go mbeidh an Fheamainn bhu\u00ed le\u00a0 f\u00e1il do na gl\u00fanta at\u00e1 le theacht.<\/p>\n<p>Is cleachtas n\u00e1d\u00fartha anois do Arramara \u00e9 an inbhuainaitheacht. T\u00e1 \u00e1r gcuid Fostaithe d\u00edrithe ar thaighde eola\u00edochta, iad ag foghlaim \u00f3 na Bainteoir\u00ed a chleachta\u00edonn modhanna bainte inbhuanaithe agus ceannaireacht chun cinnti\u00fa go mbeidh <em>Ascophyllum nodosum<\/em> mar acmhainn in-athnuaite agus mar ph\u00e1irt l\u00e1rnach den \u00e9iceach\u00f3ras sna blianta amach romhainn. F\u00e9ach ar an gcaoi a bhfuileamar ag tac\u00fa le caomhn\u00fa na feamainne.<\/p>\n<p>[\/vc_column_text][\/vc_column_inner][\/vc_row_inner][vc_row_inner equal_height=&#8221;yes&#8221; el_class=&#8221;content-center content-max&#8221;][vc_column_inner width=&#8221;1\/3&#8243; css=&#8221;.vc_custom_1542749025635{padding: 50px !important;}&#8221;][vc_single_image image=&#8221;579&#8243; img_size=&#8221;full&#8221; alignment=&#8221;center&#8221; css_animation=&#8221;fadeInUp&#8221; el_class=&#8221;image-shadow&#8221;][vc_empty_space][vc_column_text css_animation=&#8221;fadeIn&#8221;]<\/p>\n<div style=\"max-width: 420px; margin: 0 auto;\">\n<h3>Ceannaireacht&amp;<\/h3>\n<h3>Inbhuanaitheacht<\/h3>\n<p>&nbsp;<\/p>\n<p>Creideann muid go bhfuil freagracht i dtaobh inbhuanaitheachta ar chomhlachta\u00ed a bh\u00edonn ag obair le acmhainn n\u00e1d\u00fartha. Seo \u00e9 an f\u00e1th go bhfuil Arramara tiomanta do thionscnaimh agus cleachtais inbhuanaithe chun go mbeidh planda\u00ed mara na h\u00c9ireann ar f\u00e1il don ch\u00e9ad ghl\u00fain eile.<\/p>\n<\/div>\n<p>[\/vc_column_text][vc_empty_space][vc_column_text]<\/p>\n<p>[\/vc_column_text][\/vc_column_inner][vc_column_inner width=&#8221;1\/3&#8243; css=&#8221;.vc_custom_1542749037311{padding: 50px !important;}&#8221;][vc_single_image image=&#8221;581&#8243; img_size=&#8221;full&#8221; alignment=&#8221;center&#8221; css_animation=&#8221;fadeInUp&#8221; el_class=&#8221;image-shadow&#8221;][vc_empty_space][vc_column_text css_animation=&#8221;fadeIn&#8221;]<\/p>\n<div style=\"max-width: 420px; margin: 0 auto;\">\n<h3>Modhanna Bainte<\/h3>\n<p>&nbsp;<\/p>\n<p>Caithfear a bheith an-ch\u00faramach leis an <em>Ascophyllum nodosum<\/em> \u00f3 thaobh c\u00farsa\u00ed bainte de, mar caithfimid \u00e9 a choime\u00e1d mar acmhainn inbhuanaithe. Agus muid ag baint \u00fas\u00e1id as cleachtais thraidisi\u00fanta agus eola\u00edocht acmhainne na linne seo, t\u00e1 Arramara ag cinnti\u00fa go mbainfidh \u00e1r gcuid modhanna na caighd\u00e9ain is airde amach i dtaobh bainte de, chun go mbeidh planda\u00ed mara na \u00c9ireann le f\u00e1il go fl\u00fairseach f\u00f3s san \u00e9iceach\u00f3ras d\u00fachasach.<\/p>\n<\/div>\n<p>[\/vc_column_text][vc_empty_space][vc_column_text]<\/p>\n<p>[\/vc_column_text][\/vc_column_inner][vc_column_inner width=&#8221;1\/3&#8243; css=&#8221;.vc_custom_1547219012676{padding-top: 50px !important;padding-right: 50px !important;padding-bottom: 50px !important;padding-left: 50px !important;}&#8221;][vc_single_image image=&#8221;743&#8243; img_size=&#8221;full&#8221; alignment=&#8221;center&#8221; css_animation=&#8221;fadeInUp&#8221; el_class=&#8221;image-shadow&#8221;][vc_empty_space][vc_column_text css_animation=&#8221;fadeIn&#8221;]<\/p>\n<div style=\"max-width: 420px; margin: 0 auto;\">\n<h3>L\u00e1 i Saol Eola\u00ed Acmhainn\u00ed<\/h3>\n<p>&nbsp;<\/p>\n<p>C\u00e9ard go d\u00edreach a dh\u00e9anann Eola\u00ed Acmhainn\u00ed? Ag Arramara, d\u00e9anann said cosaint ar fheamainn na h\u00c9ireann agus ar an \u00e9iceach\u00f3ras d\u00fachasach, at\u00e1 chomh t\u00e1bhachtach d\u00e1r bpobail ar Ch\u00f3sta Iarthar na h\u00c9ireann.<\/p>\n<\/div>\n<p>[\/vc_column_text][vc_empty_space][vc_column_text]<\/p>\n<p>[\/vc_column_text][\/vc_column_inner][\/vc_row_inner][\/vc_column][\/vc_row][vc_row css_animation=&#8221;none&#8221; el_id=&#8221;titan-cta&#8221; el_class=&#8221;border-top&#8221;][vc_column]<\/p>\n<div class=\"templatera_shortcode\">\n<div class=\"vc_row wpb_row vc_row-fluid content-center content-max vc_row-o-content-middle vc_row-flex\">\n<div class=\"wpb_column vc_column_container vc_col-sm-12\">\n<div class=\"vc_column-inner\">\n<div class=\"wpb_wrapper\">\n<div class=\"wpb_text_column wpb_content_element  wpb_animate_when_almost_visible wpb_fadeIn fadeIn\" >\n<div class=\"wpb_wrapper\">\n<h2>An bhfuil ceisteanna agat le cur ar \u00e1r bhfoireann?<\/h2>\n<\/p><\/div>\n<\/p><\/div>\n<div class=\"wpb_raw_code wpb_content_element wpb_raw_html\" >\n<div class=\"wpb_wrapper\">\n\t\t\t<a class=\"arramara-btn\" href=\"\/ga\/dean-teagmhail\/\">D\u00e9an teagmh\u00e1il linn<\/a>\n\t\t<\/div>\n<\/p><\/div>\n<\/div>\n<\/div>\n<\/div>\n<\/div>\n<\/div>\n<p>[\/vc_column][\/vc_row][vc_row][vc_column]<\/p>\n<div class=\"templatera_shortcode\">\n<div data-vc-full-width=\"true\" data-vc-full-width-init=\"false\" data-vc-stretch-content=\"true\" class=\"vc_row wpb_row vc_row-fluid split-cta vc_custom_1545310294281 vc_row-no-padding vc_row-o-equal-height vc_row-flex\">\n<div class=\"split-blue-overlay split-col wpb_column vc_column_container vc_col-sm-6 vc_col-has-fill\">\n<div class=\"vc_column-inner vc_custom_1545310623931\">\n<div class=\"wpb_wrapper\">\n<div class=\"wpb_text_column wpb_content_element  split-copy\" >\n<div class=\"wpb_wrapper\">\n<h3>D\u2019fh\u00e9adf\u00e1 r\u00e1 gur clann \u00e9 Arramara n\u00edos m\u00f3 n\u00e1 gn\u00f3 at\u00e1 ag cruth\u00fa todhcha\u00ed inbhuanaithe d\u2019\u00c9irinn<\/h3>\n<p style=\"text-align: center;\">\n<\/p><\/div>\n<\/p><\/div>\n<div  class=\"wpb_single_image wpb_content_element vc_align_center\">\n<figure class=\"wpb_wrapper vc_figure\">\n<div class=\"vc_single_image-wrapper   vc_box_border_grey\"><img loading=\"lazy\" decoding=\"async\" width=\"877\" height=\"845\" src=\"https:\/\/www.arramara.ie\/wp-content\/uploads\/2018\/12\/collage-square.jpg\" class=\"vc_single_image-img attachment-full\" alt=\"arramara collage square\" title=\"collage-square\" srcset=\"https:\/\/www.arramara.ie\/wp-content\/uploads\/2018\/12\/collage-square.jpg 877w, https:\/\/www.arramara.ie\/wp-content\/uploads\/2018\/12\/collage-square-300x289.jpg 300w, https:\/\/www.arramara.ie\/wp-content\/uploads\/2018\/12\/collage-square-768x740.jpg 768w\" sizes=\"auto, (max-width: 877px) 100vw, 877px\" \/><\/div>\n<\/figure><\/div>\n<\/div>\n<\/div>\n<\/div>\n<div class=\"split-green-overlay split-col wpb_column vc_column_container vc_col-sm-6 vc_col-has-fill\">\n<div class=\"vc_column-inner vc_custom_1545310240877\">\n<div class=\"wpb_wrapper\">\n<div class=\"wpb_text_column wpb_content_element  split-copy\" >\n<div class=\"wpb_wrapper\">\n<h3>Ag \u00fas\u00e1id cleachtais inbhuanithe maidir le baint feamainne agus bainisti\u00fa a dh\u00e9anamh ar acmhainn\u00ed, is f\u00e9idir feamainn a choinne\u00e1il mar acmhainn in-athnuaite<\/h3>\n<p style=\"text-align: center;\">\n<\/p><\/div>\n<\/p><\/div>\n<div  class=\"wpb_single_image wpb_content_element vc_align_center\">\n<figure class=\"wpb_wrapper vc_figure\">\n<div class=\"vc_single_image-wrapper   vc_box_border_grey\"><img loading=\"lazy\" decoding=\"async\" width=\"877\" height=\"845\" src=\"https:\/\/www.arramara.ie\/wp-content\/uploads\/2019\/08\/square-new.jpg\" class=\"vc_single_image-img attachment-full\" alt=\"\" title=\"square-new\" srcset=\"https:\/\/www.arramara.ie\/wp-content\/uploads\/2019\/08\/square-new.jpg 877w, https:\/\/www.arramara.ie\/wp-content\/uploads\/2019\/08\/square-new-300x289.jpg 300w, https:\/\/www.arramara.ie\/wp-content\/uploads\/2019\/08\/square-new-768x740.jpg 768w\" sizes=\"auto, (max-width: 877px) 100vw, 877px\" \/><\/div>\n<\/figure><\/div>\n<\/div>\n<\/div>\n<\/div>\n<\/div>\n<div class=\"vc_row-full-width vc_clearfix\"><\/div>\n<\/div>\n<p>[\/vc_column][\/vc_row]<\/p>\n<\/section>\n","protected":false},"excerpt":{"rendered":"D\u2019fh\u00e9adf\u00e1 r\u00e1 gur clann \u00e9 Arramara n\u00edos m\u00f3 n\u00e1 gn\u00f3 at\u00e1 ag cruth\u00fa todhcha\u00ed inbhuanaithe d\u2019\u00c9irinn Ag \u00fas\u00e1id cleachtais inbhuanithe maidir le baint feamainne agus bainisti\u00fa a dh\u00e9anamh ar acmhainn\u00ed, is f\u00e9idir feamainn a choinne\u00e1il mar acmhainn in-athnuaite","protected":false},"author":15,"featured_media":0,"parent":0,"menu_order":0,"comment_status":"closed","ping_status":"closed","template":"","meta":{"footnotes":""},"class_list":["post-131","page","type-page","status-publish","hentry"],"yoast_head":"<!-- This site is optimized with the Yoast SEO plugin v27.4 - https:\/\/yoast.com\/product\/yoast-seo-wordpress\/ -->\n<title>Irish Seaweed Resource Management | Arramara Resource Science<\/title>\n<meta name=\"description\" content=\"For Arramara, sustainability is second nature. Here is how our Irish seaweed resource management helps preserve Ascophyllum nodosum for future generations.\" \/>\n<meta name=\"robots\" content=\"index, follow, max-snippet:-1, max-image-preview:large, max-video-preview:-1\" \/>\n<link rel=\"canonical\" href=\"https:\/\/www.arramara.ie\/irish-seaweed-resource-management\/\" \/>\n<meta property=\"og:locale\" content=\"ga_IE\" \/>\n<meta property=\"og:type\" content=\"article\" \/>\n<meta property=\"og:title\" content=\"Irish Seaweed Resource Management | Arramara Resource Science\" \/>\n<meta property=\"og:description\" content=\"For Arramara, sustainability is second nature. Here is how our Irish seaweed resource management helps preserve Ascophyllum nodosum for future generations.\" \/>\n<meta property=\"og:url\" content=\"https:\/\/www.arramara.ie\/irish-seaweed-resource-management\/\" \/>\n<meta property=\"og:site_name\" content=\"Arramara\" \/>\n<meta property=\"article:modified_time\" content=\"2019-01-17T17:09:39+00:00\" \/>\n<meta name=\"twitter:card\" content=\"summary_large_image\" \/>\n<meta name=\"twitter:label1\" content=\"Est. reading time\" \/>\n\t<meta name=\"twitter:data1\" content=\"3 minutes\" \/>\n<script type=\"application\/ld+json\" class=\"yoast-schema-graph\">{\"@context\":\"https:\\\/\\\/schema.org\",\"@graph\":[{\"@type\":\"WebPage\",\"@id\":\"https:\\\/\\\/www.arramara.ie\\\/irish-seaweed-resource-management\\\/\",\"url\":\"https:\\\/\\\/www.arramara.ie\\\/irish-seaweed-resource-management\\\/\",\"name\":\"Irish Seaweed Resource Management | Arramara Resource Science\",\"isPartOf\":{\"@id\":\"https:\\\/\\\/www.arramara.ie\\\/#website\"},\"datePublished\":\"2018-11-15T22:52:17+00:00\",\"dateModified\":\"2019-01-17T17:09:39+00:00\",\"description\":\"For Arramara, sustainability is second nature. Here is how our Irish seaweed resource management helps preserve Ascophyllum nodosum for future generations.\",\"breadcrumb\":{\"@id\":\"https:\\\/\\\/www.arramara.ie\\\/irish-seaweed-resource-management\\\/#breadcrumb\"},\"inLanguage\":\"ga-IE\",\"potentialAction\":[{\"@type\":\"ReadAction\",\"target\":[\"https:\\\/\\\/www.arramara.ie\\\/irish-seaweed-resource-management\\\/\"]}]},{\"@type\":\"BreadcrumbList\",\"@id\":\"https:\\\/\\\/www.arramara.ie\\\/irish-seaweed-resource-management\\\/#breadcrumb\",\"itemListElement\":[{\"@type\":\"ListItem\",\"position\":1,\"name\":\"Home\",\"item\":\"https:\\\/\\\/www.arramara.ie\\\/ga\\\/\"},{\"@type\":\"ListItem\",\"position\":2,\"name\":\"Eola\u00edocht Acmhainne\"}]},{\"@type\":\"WebSite\",\"@id\":\"https:\\\/\\\/www.arramara.ie\\\/#website\",\"url\":\"https:\\\/\\\/www.arramara.ie\\\/\",\"name\":\"Arramara\",\"description\":\"Ascophyllum Nodosum Irish Seaweed Company\",\"publisher\":{\"@id\":\"https:\\\/\\\/www.arramara.ie\\\/#organization\"},\"potentialAction\":[{\"@type\":\"SearchAction\",\"target\":{\"@type\":\"EntryPoint\",\"urlTemplate\":\"https:\\\/\\\/www.arramara.ie\\\/?s={search_term_string}\"},\"query-input\":{\"@type\":\"PropertyValueSpecification\",\"valueRequired\":true,\"valueName\":\"search_term_string\"}}],\"inLanguage\":\"ga-IE\"},{\"@type\":\"Organization\",\"@id\":\"https:\\\/\\\/www.arramara.ie\\\/#organization\",\"name\":\"Arramara\",\"url\":\"https:\\\/\\\/www.arramara.ie\\\/\",\"logo\":{\"@type\":\"ImageObject\",\"inLanguage\":\"ga-IE\",\"@id\":\"https:\\\/\\\/www.arramara.ie\\\/#\\\/schema\\\/logo\\\/image\\\/\",\"url\":\"https:\\\/\\\/www.arramara.ie\\\/wp-content\\\/uploads\\\/2018\\\/11\\\/Group-205@2x-e1613056203927.png\",\"contentUrl\":\"https:\\\/\\\/www.arramara.ie\\\/wp-content\\\/uploads\\\/2018\\\/11\\\/Group-205@2x-e1613056203927.png\",\"width\":100,\"height\":100,\"caption\":\"Arramara\"},\"image\":{\"@id\":\"https:\\\/\\\/www.arramara.ie\\\/#\\\/schema\\\/logo\\\/image\\\/\"}}]}<\/script>\n<!-- \/ Yoast SEO plugin. -->","yoast_head_json":{"title":"Irish Seaweed Resource Management | Arramara Resource Science","description":"For Arramara, sustainability is second nature. Here is how our Irish seaweed resource management helps preserve Ascophyllum nodosum for future generations.","robots":{"index":"index","follow":"follow","max-snippet":"max-snippet:-1","max-image-preview":"max-image-preview:large","max-video-preview":"max-video-preview:-1"},"canonical":"https:\/\/www.arramara.ie\/irish-seaweed-resource-management\/","og_locale":"ga_IE","og_type":"article","og_title":"Irish Seaweed Resource Management | Arramara Resource Science","og_description":"For Arramara, sustainability is second nature. Here is how our Irish seaweed resource management helps preserve Ascophyllum nodosum for future generations.","og_url":"https:\/\/www.arramara.ie\/irish-seaweed-resource-management\/","og_site_name":"Arramara","article_modified_time":"2019-01-17T17:09:39+00:00","twitter_card":"summary_large_image","twitter_misc":{"Est. reading time":"3 minutes"},"schema":{"@context":"https:\/\/schema.org","@graph":[{"@type":"WebPage","@id":"https:\/\/www.arramara.ie\/irish-seaweed-resource-management\/","url":"https:\/\/www.arramara.ie\/irish-seaweed-resource-management\/","name":"Irish Seaweed Resource Management | Arramara Resource Science","isPartOf":{"@id":"https:\/\/www.arramara.ie\/#website"},"datePublished":"2018-11-15T22:52:17+00:00","dateModified":"2019-01-17T17:09:39+00:00","description":"For Arramara, sustainability is second nature. Here is how our Irish seaweed resource management helps preserve Ascophyllum nodosum for future generations.","breadcrumb":{"@id":"https:\/\/www.arramara.ie\/irish-seaweed-resource-management\/#breadcrumb"},"inLanguage":"ga-IE","potentialAction":[{"@type":"ReadAction","target":["https:\/\/www.arramara.ie\/irish-seaweed-resource-management\/"]}]},{"@type":"BreadcrumbList","@id":"https:\/\/www.arramara.ie\/irish-seaweed-resource-management\/#breadcrumb","itemListElement":[{"@type":"ListItem","position":1,"name":"Home","item":"https:\/\/www.arramara.ie\/ga\/"},{"@type":"ListItem","position":2,"name":"Eola\u00edocht Acmhainne"}]},{"@type":"WebSite","@id":"https:\/\/www.arramara.ie\/#website","url":"https:\/\/www.arramara.ie\/","name":"Arramara","description":"Ascophyllum Nodosum Irish Seaweed Company","publisher":{"@id":"https:\/\/www.arramara.ie\/#organization"},"potentialAction":[{"@type":"SearchAction","target":{"@type":"EntryPoint","urlTemplate":"https:\/\/www.arramara.ie\/?s={search_term_string}"},"query-input":{"@type":"PropertyValueSpecification","valueRequired":true,"valueName":"search_term_string"}}],"inLanguage":"ga-IE"},{"@type":"Organization","@id":"https:\/\/www.arramara.ie\/#organization","name":"Arramara","url":"https:\/\/www.arramara.ie\/","logo":{"@type":"ImageObject","inLanguage":"ga-IE","@id":"https:\/\/www.arramara.ie\/#\/schema\/logo\/image\/","url":"https:\/\/www.arramara.ie\/wp-content\/uploads\/2018\/11\/Group-205@2x-e1613056203927.png","contentUrl":"https:\/\/www.arramara.ie\/wp-content\/uploads\/2018\/11\/Group-205@2x-e1613056203927.png","width":100,"height":100,"caption":"Arramara"},"image":{"@id":"https:\/\/www.arramara.ie\/#\/schema\/logo\/image\/"}}]}},"_links":{"self":[{"href":"https:\/\/www.arramara.ie\/ga\/wp-json\/wp\/v2\/pages\/131","targetHints":{"allow":["GET"]}}],"collection":[{"href":"https:\/\/www.arramara.ie\/ga\/wp-json\/wp\/v2\/pages"}],"about":[{"href":"https:\/\/www.arramara.ie\/ga\/wp-json\/wp\/v2\/types\/page"}],"author":[{"embeddable":true,"href":"https:\/\/www.arramara.ie\/ga\/wp-json\/wp\/v2\/users\/15"}],"replies":[{"embeddable":true,"href":"https:\/\/www.arramara.ie\/ga\/wp-json\/wp\/v2\/comments?post=131"}],"version-history":[{"count":0,"href":"https:\/\/www.arramara.ie\/ga\/wp-json\/wp\/v2\/pages\/131\/revisions"}],"wp:attachment":[{"href":"https:\/\/www.arramara.ie\/ga\/wp-json\/wp\/v2\/media?parent=131"}],"curies":[{"name":"wp","href":"https:\/\/api.w.org\/{rel}","templated":true}]}}